{"id":873,"date":"2022-03-15T15:14:46","date_gmt":"2022-03-15T19:14:46","guid":{"rendered":"https:\/\/printgraphik.com\/politique-de-confidentialite\/"},"modified":"2022-03-15T15:14:46","modified_gmt":"2022-03-15T19:14:46","slug":"politique-de-confidentialite","status":"publish","type":"page","link":"https:\/\/printgraphik.com\/fr\/politique-de-confidentialite\/","title":{"rendered":"Politique de confidentialit\u00e9"},"content":{"rendered":"<p>Ce document d\u00e9finit la mani\u00e8re dont printgraphik.com utilise et prot\u00e8ge les informations fournies par les utilisateurs de notre site Web. La confidentialit\u00e9 de vos informations est importante pour printgraphik.com. Toute information qui pourrait \u00eatre utilis\u00e9e pour vous identifier ne sera utilis\u00e9e que conform\u00e9ment \u00e0 cette politique de confidentialit\u00e9. printgraphik.com se r\u00e9serve le droit de modifier cette politique de confidentialit\u00e9 en mettant \u00e0 jour cette page. L&rsquo;utilisateur est responsable de la v\u00e9rification de cette page et des modifications qui y sont apport\u00e9es. Cette politique de confidentialit\u00e9 est effective \u00e0 compter du 1er juin 2021.<\/p>\n<h4>Les informations recueillies. Nous collectons les types d&rsquo;informations suivants:<\/h4>\n<ul>\n<li>Nom et fonction;<\/li>\n<li>Coordonn\u00e9es, y compris l&rsquo;adresse \u00e9lectronique;<\/li>\n<li>Donn\u00e9es d\u00e9mographiques telles que code postal, pr\u00e9f\u00e9rences ou centres d&rsquo;int\u00e9r\u00eat;<\/li>\n<\/ul>\n<p>D&rsquo;autres types d&rsquo;informations pouvant \u00eatre utilis\u00e9es dans des \u00e9tudes ou des offres promotionnelles.<\/p>\n<h3>Comment nous utilisons les informations collect\u00e9es.<\/h3>\n<h4>Nous recueillons ce type d&rsquo;informations pour en savoir plus sur les besoins de nos clients et leur fournir un meilleur service, et notamment pour les raisons suivantes:<\/h4>\n<ul>\n<li>Pour la gestion et l&rsquo;analyse de nos dossiers;<\/li>\n<li>Pour am\u00e9liorer nos produits et services;<\/li>\n<li>Pour vous envoyer occasionnellement \u00e0 l&rsquo;adresse e-mail fournie des e-mails promotionnels concernant de nouveaux produits, des offres sp\u00e9ciales ou d&rsquo;autres sujets susceptibles de vous int\u00e9resser;<\/li>\n<li>Solliciter votre participation \u00e0 des \u00e9tudes de march\u00e9 par e-mail, t\u00e9l\u00e9phone ou fax ; Personnaliser notre site en fonction de vos int\u00e9r\u00eats.<\/li>\n<\/ul>\n<h3>S\u00e9curit\u00e9.<\/h3>\n<p>La protection de vos informations est l&rsquo;une de nos priorit\u00e9s. Nous avons mis en place des mesures de s\u00e9curit\u00e9 physiques, \u00e9lectroniques et humaines pour prot\u00e9ger les informations que nous recueillons sur notre site Web. Cookies : Un cookie est un petit fichier qui a besoin de votre permission pour \u00eatre t\u00e9l\u00e9charg\u00e9 sur votre disque dur. Une fois cette autorisation donn\u00e9e, le cookie est charg\u00e9 et permet d&rsquo;analyser le trafic Web ou de vous alerter lorsque vous vous d\u00e9placez vers un nouveau site Web. Les cookies permettent aux applications Web de vous reconna\u00eetre en tant que visiteur unique. Les applications sont alors capables de mieux s&rsquo;adapter \u00e0 vos besoins ou pr\u00e9f\u00e9rences en les collectant et en les stockant en m\u00e9moire. printgraphik.com utilise des cookies pour v\u00e9rifier quelles pages sont utilis\u00e9es. Cela nous permet d&rsquo;am\u00e9liorer notre site Web pour mieux r\u00e9pondre aux besoins de nos clients. Nous utilisons ces informations uniquement pour effectuer une analyse statistique du trafic Web ; les donn\u00e9es sont alors effac\u00e9es de notre syst\u00e8me. Dans l&rsquo;ensemble, les cookies nous aident \u00e0 cr\u00e9er un site Web plus int\u00e9ressant et mieux con\u00e7u en nous permettant de savoir quelles pages sont utiles et souvent visit\u00e9es, et quelles pages sont rarement visit\u00e9es et donc peu utiles. Un cookie ne nous donne en aucun cas acc\u00e8s \u00e0 votre ordinateur ou \u00e0 toute information personnelle que vous choisissez de partager avec nous.<\/p>\n<p>Vous pouvez accepter ou refuser les cookies. La plupart des navigateurs acceptent automatiquement les cookies, mais il existe des options pour modifier cette pr\u00e9f\u00e9rence. Le blocage des cookies peut vous emp\u00eacher de profiter pleinement de notre site. Hyperliens vers d&rsquo;autres sites Web.<\/p>\n<p>Notre site Web contient parfois des liens vous permettant de naviguer vers d&rsquo;autres sites Web d&rsquo;int\u00e9r\u00eat. Cependant, une fois que vous avez utilis\u00e9 ces liens et quitt\u00e9 notre site, nous ne pouvons garantir la confidentialit\u00e9 de vos informations. par cons\u00e9quent, printgraphik.com ne peut \u00eatre tenu responsable de la protection ou de la confidentialit\u00e9 des informations que vous fournissez lors de la visite de ces autres sites qui ne sont pas r\u00e9gis par cette politique de confidentialit\u00e9. Nous vous recommandons de consulter la politique de confidentialit\u00e9 du site Web en question.<\/p>\n<h3>Exercez un contr\u00f4le sur vos informations.<\/h3>\n<h4>Vous pouvez contr\u00f4ler les informations personnelles que vous fournissez des mani\u00e8res suivantes:<\/h4>\n<p>Si vous remplissez un formulaire sur notre site Web, cochez la case indiquant que vous ne souhaitez pas que ces informations soient utilis\u00e9es \u00e0 des fins de marketing;<\/p>\n<p>Si vous avez d\u00e9j\u00e0 donn\u00e9 votre autorisation pour que vos informations soient utilis\u00e9es \u00e0 des fins de marketing mais que vous avez chang\u00e9 d&rsquo;avis, vous pouvez nous contacter par \u00e9crit ou par e-mail \u00e0 : info@printgraphik.com.<\/p>\n<p>Nous ne vendons, distribuons ou transmettons jamais vos informations personnelles \u00e0 des tiers sans votre permission, sauf si la loi l&rsquo;exige. Cependant, nous pouvons vous envoyer des offres promotionnelles d&rsquo;autres soci\u00e9t\u00e9s si vous le souhaitez. Vous pouvez demander les informations personnelles que nous d\u00e9tenons \u00e0 votre sujet. Des frais s&rsquo;appliqueront. Si vous d\u00e9sirez vous procurer un exemplaire, veuillez \u00e9crire au 840 boul. Sir-Wilfrid-Laurier, Mont St-Hilaire, Quebec J3H4X6<\/p>\n","protected":false},"excerpt":{"rendered":"<p>Ce document d\u00e9finit la mani\u00e8re dont printgraphik.com utilise et prot\u00e8ge les informations fournies par les utilisateurs de notre site Web. La confidentialit\u00e9 de vos informations est importante pour printgraphik.com. Toute information qui pourrait \u00eatre utilis\u00e9e pour vous identifier ne sera utilis\u00e9e que conform\u00e9ment \u00e0 cette politique de confidentialit\u00e9. printgraphik.com se r\u00e9serve le droit de modifier [&hellip;]<\/p>\n","protected":false},"author":1,"featured_media":0,"parent":0,"menu_order":0,"comment_status":"closed","ping_status":"open","template":"","meta":{"footnotes":""},"class_list":["post-873","page","type-page","status-publish","hentry"],"jetpack_sharing_enabled":true,"_links":{"self":[{"href":"https:\/\/printgraphik.com\/fr\/wp-json\/wp\/v2\/pages\/873","targetHints":{"allow":["GET"]}}],"collection":[{"href":"https:\/\/printgraphik.com\/fr\/wp-json\/wp\/v2\/pages"}],"about":[{"href":"https:\/\/printgraphik.com\/fr\/wp-json\/wp\/v2\/types\/page"}],"author":[{"embeddable":true,"href":"https:\/\/printgraphik.com\/fr\/wp-json\/wp\/v2\/users\/1"}],"replies":[{"embeddable":true,"href":"https:\/\/printgraphik.com\/fr\/wp-json\/wp\/v2\/comments?post=873"}],"version-history":[{"count":0,"href":"https:\/\/printgraphik.com\/fr\/wp-json\/wp\/v2\/pages\/873\/revisions"}],"wp:attachment":[{"href":"https:\/\/printgraphik.com\/fr\/wp-json\/wp\/v2\/media?parent=873"}],"curies":[{"name":"wp","href":"https:\/\/api.w.org\/{rel}","templated":true}]}}