{"id":872,"date":"2022-04-07T12:06:29","date_gmt":"2022-04-07T16:06:29","guid":{"rendered":"https:\/\/printgraphik.com\/termes-et-conditions-dutilisation-de-ce-site-web\/"},"modified":"2022-04-07T12:06:29","modified_gmt":"2022-04-07T16:06:29","slug":"termes-et-conditions-dutilisation-de-ce-site-web","status":"publish","type":"page","link":"https:\/\/printgraphik.com\/fr\/termes-et-conditions-dutilisation-de-ce-site-web\/","title":{"rendered":"Termes et conditions d&rsquo;utilisation de ce site Web"},"content":{"rendered":"<p>Bienvenue sur printgraphik.com ! Si vous continuez \u00e0 naviguer et \u00e0 utiliser ce site Web, vous acceptez les termes et conditions d&rsquo;utilisation tels que d\u00e9finis dans ce document et notre politique de confidentialit\u00e9 qui r\u00e9gissent toute interaction entre vous, en tant qu&rsquo;utilisateur, et<\/p>\n<p>printgraphik.com. Dans ce document, les termes \u00ab printgraphik.com \u00bb ou \u00ab nous \u00bb font r\u00e9f\u00e9rence aux propri\u00e9taires de ce site Web. Nos bureaux sont situ\u00e9s au 840 boul. Sir-Wilfrid-Laurier; Mont St-Hilaire Qu\u00e9bec J3H4X6. Les termes \u00ab\u00a0vous\u00a0\u00bb ou \u00ab\u00a0l&rsquo;utilisateur\u00a0\u00bb font r\u00e9f\u00e9rence \u00e0 l&rsquo;utilisateur de ce site Web.<\/p>\n<h3>L&rsquo;utilisation de ce site Web est soumise aux termes et conditions suivants :<\/h3>\n<ul>\n<li>Le contenu de ce site Web est fourni \u00e0 titre d&rsquo;information g\u00e9n\u00e9rale uniquement. Le contenu peut changer \u00e0 tout moment sans pr\u00e9avis.<\/li>\n<li>printgraphik.com d\u00e9cline toute garantie, expresse ou implicite, statutaire ou autre, quant \u00e0 l&rsquo;exactitude, la validit\u00e9, la fiabilit\u00e9, l&rsquo;exhaustivit\u00e9 ou la pertinence de tout mat\u00e9riel ou information contenu dans ce site Web \u00e0 quelque fin que ce soit. Vous acceptez que les informations ou contenus trouv\u00e9s sur ce site Web puissent contenir des inexactitudes ou des erreurs, et que printgraphik.com ne peut \u00eatre consid\u00e9r\u00e9 l\u00e9galement responsable des cons\u00e9quences r\u00e9sultant de ces inexactitudes ou erreurs.<\/li>\n<li>L&rsquo;utilisation des informations ou du contenu de ce site Web se fait strictement \u00e0 vos risques et p\u00e9rils. printgraphik.com ne pourra \u00eatre tenu pour responsable des cons\u00e9quences de cette utilisation.<\/li>\n<\/ul>\n<h4>Vous \u00eates responsable de vous assurer que tous les services ou produits disponibles sur ce site Web r\u00e9pondent \u00e0 vos crit\u00e8res et besoins.<\/h4>\n<ul>\n<li>Le contenu de ce site Web appartient ou est sous licence \u00e0 printgraphik.com. Cela comprend, entre autres, la mise en page, l&rsquo;apparence et les images incluses dans le site Web.<\/li>\n<\/ul>\n<h4>La reproduction de tout ou partie de ces \u00e9l\u00e9ments, non conforme aux r\u00e8gles du droit d&rsquo;auteur, est interdite.<\/h4>\n<ul>\n<li>Les marques de commerce reproduites sur ce site Web qui ne sont pas d\u00e9tenues ou conc\u00e9d\u00e9es sous licence aux propri\u00e9taires de ce site Web sont reconnues en cons\u00e9quence.<\/li>\n<li>Toute utilisation frauduleuse ou ill\u00e9gale de ce site peut \u00eatre passible de sanctions p\u00e9nales.<\/li>\n<li>Ce site Web peut contenir des hyperliens vers d&rsquo;autres sites Web de tiers. Ces liens hypertextes sont fournis \u00e0 titre informatif uniquement et n&rsquo;engagent en aucun cas la responsabilit\u00e9 de Printgraphik.com;<\/li>\n<li>Il est interdit de cr\u00e9er tout lien hypertexte vers ce site \u00e0 partir d&rsquo;un site ou d&rsquo;un document tiers sans l&rsquo;autorisation \u00e9crite et pr\u00e9alable de printgraphik.com.<\/li>\n<\/ul>\n<h4>Tout litige d\u00e9coulant de l&rsquo;utilisation de ce site Web est assujetti \u00e0 toutes les lois canadiennes applicables.<\/h4>\n","protected":false},"excerpt":{"rendered":"<p>Bienvenue sur printgraphik.com ! Si vous continuez \u00e0 naviguer et \u00e0 utiliser ce site Web, vous acceptez les termes et conditions d&rsquo;utilisation tels que d\u00e9finis dans ce document et notre politique de confidentialit\u00e9 qui r\u00e9gissent toute interaction entre vous, en tant qu&rsquo;utilisateur, et printgraphik.com. Dans ce document, les termes \u00ab printgraphik.com \u00bb ou \u00ab nous [&hellip;]<\/p>\n","protected":false},"author":1,"featured_media":0,"parent":0,"menu_order":0,"comment_status":"closed","ping_status":"closed","template":"","meta":{"footnotes":""},"class_list":["post-872","page","type-page","status-publish","hentry"],"jetpack_sharing_enabled":true,"_links":{"self":[{"href":"https:\/\/printgraphik.com\/fr\/wp-json\/wp\/v2\/pages\/872","targetHints":{"allow":["GET"]}}],"collection":[{"href":"https:\/\/printgraphik.com\/fr\/wp-json\/wp\/v2\/pages"}],"about":[{"href":"https:\/\/printgraphik.com\/fr\/wp-json\/wp\/v2\/types\/page"}],"author":[{"embeddable":true,"href":"https:\/\/printgraphik.com\/fr\/wp-json\/wp\/v2\/users\/1"}],"replies":[{"embeddable":true,"href":"https:\/\/printgraphik.com\/fr\/wp-json\/wp\/v2\/comments?post=872"}],"version-history":[{"count":0,"href":"https:\/\/printgraphik.com\/fr\/wp-json\/wp\/v2\/pages\/872\/revisions"}],"wp:attachment":[{"href":"https:\/\/printgraphik.com\/fr\/wp-json\/wp\/v2\/media?parent=872"}],"curies":[{"name":"wp","href":"https:\/\/api.w.org\/{rel}","templated":true}]}}