{"id":782,"date":"2022-03-26T08:06:05","date_gmt":"2022-03-26T12:06:05","guid":{"rendered":"https:\/\/printgraphik.com\/specifications\/"},"modified":"2022-07-12T12:58:21","modified_gmt":"2022-07-12T16:58:21","slug":"specifications","status":"publish","type":"page","link":"https:\/\/printgraphik.com\/fr\/specifications\/","title":{"rendered":"Sp\u00e9cifications"},"content":{"rendered":"<h1>Sp\u00e9cifications<\/h1>\n<div>\n<p>        <img decoding=\"async\" src=\"\/wp-content\/uploads\/2022\/03\/icon-tickness.png\" alt=\"\"><\/p>\n<h3>\u00c9paisseur de ligne<\/h3>\n<p>Minimum 1 pt (0.35mm)<\/p>\n<\/div>\n<div>\n<p>        <img decoding=\"async\" src=\"\/wp-content\/uploads\/2022\/03\/icon-outline.png\" alt=\"\"><\/p>\n<h3>Texte<\/h3>\n<p>Convertir tous les \u2018\u2019fonts\u2019\u2019 en courbes (vectoriel)<\/p>\n<\/div>\n<h2>Pr\u00e9paration du fichier<\/h2>\n<ul>\n<li>\n<h3>Sp\u00e9cification des Couleurs<\/h3>\n<div>\n<p>Le transfert DTF est imprim\u00e9 en 4 couleurs process CMYK et peut inclure des effets, d\u00e9grad\u00e9s, motifs ou photos.<\/p>\n<\/div>\n<\/li>\n<li>\n<h3>Format<\/h3>\n<div>\n<p>Seul les fichiers en PNG, PDF <span class=\"yellow\">Avec un fond transparent<\/span> sont accept\u00e9s<\/p>\n<\/div>\n<\/li>\n<li>\n<h3>R\u00e9solution<\/h3>\n<div><span class=\"yellow\">300 dpi<\/span><\/div>\n<\/li>\n<li>\n<h3>Finition et Contour<\/h3>\n<div>Assurez-vous que les contours de votre design sont <span class=\"yellow\">nets et bien d\u00e9finis<\/span><\/div>\n<\/li>\n<\/ul>\n<h2>instructions d\u2019application a chaud<\/h2>\n<ul>\n<li>\n<h3>Ajustement de la Temp\u00e9rature<\/h3>\n<div>Programmer votre presse a 290\u00b0F<\/div>\n<\/li>\n<li>\n<h3>Pr\u00e9chauffer votre V\u00eatement<\/h3>\n<div>Premi\u00e8rement, pr\u00e9chauffer votre v\u00eatements pendant 3-5 secondes afin d\u2019\u00e9liminer le surplus d\u2019humidit\u00e9.<br \/>\nAssurez-vous qu\u2019il n\u2019y ait aucun obstacle comme des boutons, poches ou coutures<br \/>\nS\u2019il le faut, utiliser un coussin concu a cet effet<\/div>\n<\/li>\n<li>\n<h3>Pression et Temps<\/h3>\n<div>Presser avec une pression moyenne pendant 12-15 secondes<\/div>\n<\/li>\n<li>\n<h3>Retirer a Chaud<\/h3>\n<div>A l\u2019ouverture de la presse, attendre quelques secondes et retirer le film dans un mouvement continu<\/div>\n<\/li>\n<\/ul>\n<div>\n<p>Sachez que nous travaillons avec des fichiers <strong>CMYK<\/strong> et ne garantissons pas la correspondance <strong>des couleurs Pantone<\/strong><\/p>\n<\/div>\n<h2>Placez votre commande<\/h2>\n<ul>\n<li>\n        <a href=\"https:\/\/printgraphik.com\/fr\/categorie-produit\/pre-coupe\/\">Pr\u00e9-coup\u00e9<\/a>\n    <\/li>\n<li>\n        <a href=\"https:\/\/printgraphik.com\/fr\/categorie-produit\/gang-sheet-fr\/\">Gang Sheet<\/a>\n    <\/li>\n<\/ul>\n<p><!--more--><br \/>\n<!-- {\"type\":\"layout\",\"children\":[{\"type\":\"section\",\"props\":{\"style\":\"default\",\"width\":\"default\",\"vertical_align\":\"middle\",\"title_position\":\"top-left\",\"title_rotation\":\"left\",\"title_breakpoint\":\"xl\",\"image_position\":\"center-center\"},\"children\":[{\"type\":\"row\",\"children\":[{\"type\":\"column\",\"props\":{\"position_sticky_breakpoint\":\"m\",\"image_position\":\"center-center\",\"media_overlay_gradient\":\"\"},\"children\":[{\"type\":\"headline\",\"props\":{\"title_element\":\"h1\",\"content\":\"Sp\\u00e9cifications\",\"title_font_family\":\"primary\",\"title_style\":\"heading-small\",\"class\":\"blue\",\"text_align\":\"center\"}}]}]},{\"type\":\"row\",\"props\":{\"layout\":\"1-2,1-2\"},\"children\":[{\"type\":\"column\",\"props\":{\"position_sticky_breakpoint\":\"m\",\"image_position\":\"center-center\",\"media_overlay_gradient\":\"\",\"width_medium\":\"1-2\"},\"children\":[{\"type\":\"panel\",\"props\":{\"link_text\":\"Read more\",\"title_hover_style\":\"reset\",\"title_element\":\"h3\",\"title_align\":\"top\",\"title_grid_width\":\"1-2\",\"title_grid_breakpoint\":\"m\",\"meta_style\":\"meta\",\"meta_align\":\"below-title\",\"meta_element\":\"div\",\"content_column_breakpoint\":\"m\",\"icon_width\":80,\"image_align\":\"top\",\"image_grid_width\":\"1-2\",\"image_grid_breakpoint\":\"m\",\"image_svg_color\":\"emphasis\",\"link_style\":\"default\",\"margin\":\"default\",\"title\":\"\\u00c9paisseur de ligne\",\"meta\":\"Minimum 1 pt (0.35mm)\",\"image\":\"wp-content\\\/uploads\\\/2022\\\/03\\\/icon-tickness.png\",\"text_align\":\"center\",\"panel_padding\":\"default\",\"panel_style\":\"card-default\",\"meta_margin\":\"remove\"}}]},{\"type\":\"column\",\"props\":{\"position_sticky_breakpoint\":\"m\",\"image_position\":\"center-center\",\"media_overlay_gradient\":\"\",\"width_medium\":\"1-2\"},\"children\":[{\"type\":\"panel\",\"props\":{\"link_text\":\"Read more\",\"title_hover_style\":\"reset\",\"title_element\":\"h3\",\"title_align\":\"top\",\"title_grid_width\":\"1-2\",\"title_grid_breakpoint\":\"m\",\"meta_style\":\"meta\",\"meta_align\":\"below-title\",\"meta_element\":\"div\",\"content_column_breakpoint\":\"m\",\"icon_width\":80,\"image_align\":\"top\",\"image_grid_width\":\"1-2\",\"image_grid_breakpoint\":\"m\",\"image_svg_color\":\"emphasis\",\"link_style\":\"default\",\"margin\":\"default\",\"title\":\"Texte\",\"meta\":\"Convertir tous les \\u2018\\u2019fonts\\u2019\\u2019 en courbes (vectoriel)\",\"image\":\"wp-content\\\/uploads\\\/2022\\\/03\\\/icon-outline.png\",\"text_align\":\"center\",\"panel_padding\":\"default\",\"panel_style\":\"card-default\",\"meta_margin\":\"remove\"}}]}]},{\"type\":\"row\",\"children\":[{\"type\":\"column\",\"props\":{\"position_sticky_breakpoint\":\"m\",\"image_position\":\"center-center\",\"media_overlay_gradient\":\"\",\"width_medium\":\"1-2\",\"style\":\"default\"},\"children\":[{\"type\":\"headline\",\"props\":{\"title_element\":\"h2\",\"content\":\"Pr\\u00e9paration du fichier\",\"text_align\":\"center\",\"title_style\":\"h2\",\"class\":\"\"}},{\"type\":\"description_list\",\"props\":{\"show_title\":true,\"show_meta\":true,\"show_content\":true,\"show_link\":true,\"list_element\":\"ul\",\"column_breakpoint\":\"m\",\"layout\":\"stacked\",\"title_grid_width\":\"auto\",\"title_grid_column_gap\":\"small\",\"title_grid_row_gap\":\"small\",\"title_element\":\"div\",\"meta_style\":\"meta\",\"meta_align\":\"below-content\",\"css\":\".el-title {\\n    color: #E6007E!important;\\n    font-weight: bold;\\n}\",\"text_align\":\"center\"},\"children\":[{\"type\":\"description_list_item\",\"props\":{\"title\":\"Sp\\u00e9cification des Couleurs\",\"content\":\"\n\n<p>Le transfert DTF est imprim\\u00e9 en 4 couleurs process CMYK et peut inclure des effets, d\\u00e9grad\\u00e9s, motifs ou photos.<\\\/p>\"}},{\"type\":\"description_list_item\",\"props\":{\"title\":\"Format\",\"content\":\"\n\n<p>Seul les fichiers en PNG, PDF <span class=\\\"yellow\\\">Avec un fond transparent<\\\/span> sont accept\\u00e9s<\\\/p>\"}},{\"type\":\"description_list_item\",\"props\":{\"title\":\"R\\u00e9solution\",\"content\":\"<span class=\\\"yellow\\\">300 dpi<\\\/span>\"}},{\"type\":\"description_list_item\",\"props\":{\"title\":\"Finition et Contour\",\"content\":\"Assurez-vous que les contours de votre design sont <span class=\\\"yellow\\\">nets et bien d\\u00e9finis<\\\/span>\"}}]}]},{\"type\":\"column\",\"props\":{\"position_sticky_breakpoint\":\"m\",\"image_position\":\"center-center\",\"media_overlay_gradient\":\"\",\"width_medium\":\"1-2\",\"style\":\"default\"},\"children\":[{\"type\":\"headline\",\"props\":{\"title_element\":\"h2\",\"content\":\"instructions d\\u2019application a chaud\",\"text_align\":\"center\",\"title_style\":\"h2\",\"class\":\"\"}},{\"type\":\"description_list\",\"props\":{\"show_title\":true,\"show_meta\":true,\"show_content\":true,\"show_link\":true,\"list_element\":\"ul\",\"column_breakpoint\":\"m\",\"layout\":\"stacked\",\"title_grid_width\":\"auto\",\"title_grid_column_gap\":\"small\",\"title_grid_row_gap\":\"small\",\"title_element\":\"div\",\"meta_style\":\"meta\",\"meta_align\":\"below-content\",\"css\":\".el-title {\\n    color: #E6007E!important;\\n    font-weight: bold;\\n}\",\"text_align\":\"center\"},\"children\":[{\"type\":\"description_list_item\",\"props\":{\"title\":\"Ajustement de la Temp\\u00e9rature\",\"content\":\"Programmer votre presse a 290\\u00b0F\"}},{\"type\":\"description_list_item\",\"props\":{\"title\":\"Pr\\u00e9chauffer votre V\\u00eatement\",\"content\":\"Premi\\u00e8rement, pr\\u00e9chauffer votre v\\u00eatements pendant 3-5 secondes afin d\\u2019\\u00e9liminer le surplus d\\u2019humidit\\u00e9.\\nAssurez-vous qu\\u2019il n\\u2019y ait aucun obstacle comme des boutons, poches ou coutures\\nS\\u2019il le faut, utiliser un coussin concu a cet effet\"}},{\"type\":\"description_list_item\",\"props\":{\"title\":\"Pression et Temps\",\"content\":\"Presser avec une pression moyenne pendant 12-15 secondes\"}},{\"type\":\"description_list_item\",\"props\":{\"title\":\"Retirer a Chaud\",\"content\":\"A l\\u2019ouverture de la presse, attendre quelques secondes et retirer le film dans un mouvement continu\"}}]}]}],\"props\":{\"layout\":\"1-2,1-2\",\"divider\":true}},{\"type\":\"row\",\"children\":[{\"type\":\"column\",\"props\":{\"position_sticky_breakpoint\":\"m\",\"image_position\":\"center-center\",\"media_overlay_gradient\":\"\",\"style\":\"muted\",\"padding\":\"xsmall\"},\"children\":[{\"type\":\"text\",\"props\":{\"margin\":\"default\",\"column_breakpoint\":\"m\",\"content\":\"\n\n<p>Sachez que nous travaillons avec des fichiers <strong>CMYK<\\\/strong> et ne garantissons pas la correspondance <strong>des couleurs Pantone<\\\/strong><\\\/p>\",\"text_style\":\"lead\",\"text_align\":\"center\"}}]}],\"props\":{\"margin\":\"default\"}},{\"type\":\"row\",\"children\":[{\"type\":\"column\",\"props\":{\"position_sticky_breakpoint\":\"m\",\"image_position\":\"center-center\",\"media_overlay_gradient\":\"\"},\"children\":[{\"type\":\"headline\",\"props\":{\"title_element\":\"h2\",\"content\":\"Placez votre commande\",\"text_align\":\"center\",\"title_style\":\"h2\",\"class\":\"\"}},{\"type\":\"button\",\"props\":{\"grid_column_gap\":\"small\",\"grid_row_gap\":\"small\",\"margin\":\"default\",\"button_size\":\"large\",\"text_align\":\"center\"},\"children\":[{\"type\":\"button_item\",\"props\":{\"button_style\":\"secondary\",\"icon_align\":\"left\",\"content\":\"Pr\\u00e9-coup\\u00e9\",\"link\":\"https:\\\/\\\/printgraphik.com\\\/product-category\\\/pre-cut-transfer\\\/\"}},{\"type\":\"button_item\",\"props\":{\"button_style\":\"secondary\",\"icon_align\":\"left\",\"content\":\"Gang Sheet\",\"link\":\"https:\\\/\\\/printgraphik.com\\\/product-category\\\/gang-sheet\\\/\"}}]}]}]}]}],\"version\":\"2.7.22\"} --><\/p>\n","protected":false},"excerpt":{"rendered":"<p>Sp\u00e9cifications \u00c9paisseur de ligne Minimum 1 pt (0.35mm) Texte Convertir tous les \u2018\u2019fonts\u2019\u2019 en courbes (vectoriel) Pr\u00e9paration du fichier Sp\u00e9cification des Couleurs Le transfert DTF est imprim\u00e9 en 4 couleurs process CMYK et peut inclure des effets, d\u00e9grad\u00e9s, motifs ou photos. Format Seul les fichiers en PNG, PDF Avec un fond transparent sont accept\u00e9s R\u00e9solution [&hellip;]<\/p>\n","protected":false},"author":1,"featured_media":0,"parent":0,"menu_order":0,"comment_status":"closed","ping_status":"closed","template":"","meta":{"footnotes":""},"class_list":["post-782","page","type-page","status-publish","hentry"],"jetpack_sharing_enabled":true,"_links":{"self":[{"href":"https:\/\/printgraphik.com\/fr\/wp-json\/wp\/v2\/pages\/782","targetHints":{"allow":["GET"]}}],"collection":[{"href":"https:\/\/printgraphik.com\/fr\/wp-json\/wp\/v2\/pages"}],"about":[{"href":"https:\/\/printgraphik.com\/fr\/wp-json\/wp\/v2\/types\/page"}],"author":[{"embeddable":true,"href":"https:\/\/printgraphik.com\/fr\/wp-json\/wp\/v2\/users\/1"}],"replies":[{"embeddable":true,"href":"https:\/\/printgraphik.com\/fr\/wp-json\/wp\/v2\/comments?post=782"}],"version-history":[{"count":0,"href":"https:\/\/printgraphik.com\/fr\/wp-json\/wp\/v2\/pages\/782\/revisions"}],"wp:attachment":[{"href":"https:\/\/printgraphik.com\/fr\/wp-json\/wp\/v2\/media?parent=782"}],"curies":[{"name":"wp","href":"https:\/\/api.w.org\/{rel}","templated":true}]}}